{"id":488,"date":"2018-05-01T10:20:17","date_gmt":"2018-05-01T08:20:17","guid":{"rendered":"http:\/\/www.dnr-fer-inox.fr\/?page_id=488"},"modified":"2023-07-25T18:40:00","modified_gmt":"2023-07-25T16:40:00","slug":"prestations","status":"publish","type":"page","link":"http:\/\/www.dnr-fer-inox.fr\/?page_id=488","title":{"rendered":"Prestations"},"content":{"rendered":"<div id='av_section_1'  class='avia-section av-9979nw-c4f40fa165a9736c4911487a79b415d1 main_color avia-section-large avia-no-border-styling  avia-builder-el-0  el_before_av_hr  avia-builder-el-first  avia-bg-style-scroll  container_wrap sidebar_right'  ><div class='container av-section-cont-open' ><main  role=\"main\" itemprop=\"mainContentOfPage\"  class='template-page content  av-content-small alpha units'><div class='post-entry post-entry-type-page post-entry-488'><div class='entry-content-wrapper clearfix'>\n\n<style type=\"text\/css\" data-created_by=\"avia_inline_auto\" id=\"style-css-av-152g54-dcec4e14eddcb3a9d954bf62acdcfeec\">\n#top .av-special-heading.av-152g54-dcec4e14eddcb3a9d954bf62acdcfeec{\npadding-bottom:0px;\n}\n<\/style>\n<div  class='av-special-heading av-152g54-dcec4e14eddcb3a9d954bf62acdcfeec av-special-heading-h2 blockquote modern-quote modern-centered  avia-builder-el-1  el_before_av_one_third  avia-builder-el-first  '><h2 class='av-special-heading-tag '  itemprop=\"headline\"  >Nos Services<\/h2><div class='special-heading-border'><div class='special-heading-inner-border'><\/div><\/div><\/div>\n\n<style type=\"text\/css\" data-created_by=\"avia_inline_auto\" id=\"style-css-av-8owikc-9d0f153f4bc3978f9d353acec0a7c877\">\n.flex_column.av-8owikc-9d0f153f4bc3978f9d353acec0a7c877{\nborder-radius:0px 0px 0px 0px;\n-webkit-border-radius:0px 0px 0px 0px;\n-moz-border-radius:0px 0px 0px 0px;\n}\n<\/style>\n<div class='flex_column av-8owikc-9d0f153f4bc3978f9d353acec0a7c877 av_one_third  avia-builder-el-2  el_after_av_heading  el_before_av_one_third  first flex_column_div  av-animated-generic bottom-to-top av-zero-column-padding '   ><p>\n<style type=\"text\/css\" data-created_by=\"avia_inline_auto\" id=\"style-css-av-8ig1qk-381479c74ecd1fdedb689d7690c1bb46\">\n.avia-image-container.av-8ig1qk-381479c74ecd1fdedb689d7690c1bb46 .av-image-caption-overlay-center{\ncolor:#ffffff;\n}\n<\/style>\n<div  class='avia-image-container av-8ig1qk-381479c74ecd1fdedb689d7690c1bb46 av-styling-no-styling avia-align-center  avia-builder-el-3  el_before_av_heading  avia-builder-el-first  '  itemprop=\"image\" itemscope=\"itemscope\" itemtype=\"https:\/\/schema.org\/ImageObject\" ><div class=\"avia-image-container-inner\"><div class=\"avia-image-overlay-wrap\"><a href=\"http:\/\/www.dnr-fer-inox.fr\/?portfolio=metallerie\" class='avia_image' ><img decoding=\"async\" width=\"300\" height=\"225\" class='wp-image-1481 avia-img-lazy-loading-not-1481 avia_image' src=\"http:\/\/www.dnr-fer-inox.fr\/wp-content\/uploads\/2022\/11\/IMG_3269-300x225.jpg\" alt='' title='Structure crossfit'  itemprop=\"thumbnailUrl\" srcset=\"http:\/\/www.dnr-fer-inox.fr\/wp-content\/uploads\/2022\/11\/IMG_3269-300x225.jpg 300w, http:\/\/www.dnr-fer-inox.fr\/wp-content\/uploads\/2022\/11\/IMG_3269-1030x773.jpg 1030w, http:\/\/www.dnr-fer-inox.fr\/wp-content\/uploads\/2022\/11\/IMG_3269-768x576.jpg 768w, http:\/\/www.dnr-fer-inox.fr\/wp-content\/uploads\/2022\/11\/IMG_3269-1536x1152.jpg 1536w, http:\/\/www.dnr-fer-inox.fr\/wp-content\/uploads\/2022\/11\/IMG_3269-1500x1125.jpg 1500w, http:\/\/www.dnr-fer-inox.fr\/wp-content\/uploads\/2022\/11\/IMG_3269-705x529.jpg 705w, http:\/\/www.dnr-fer-inox.fr\/wp-content\/uploads\/2022\/11\/IMG_3269.jpg 2016w\" sizes=\"(max-width: 300px) 100vw, 300px\" \/><\/a><\/div><\/div><\/div><br \/>\n\n<style type=\"text\/css\" data-created_by=\"avia_inline_auto\" id=\"style-css-av-k0qlp0p0-e10da994101d4856b3a20d79f0575e97\">\n#top .av-special-heading.av-k0qlp0p0-e10da994101d4856b3a20d79f0575e97{\npadding-bottom:0px;\n}\n<\/style>\n<div  class='av-special-heading av-k0qlp0p0-e10da994101d4856b3a20d79f0575e97 av-special-heading-h3 blockquote modern-quote  avia-builder-el-4  el_after_av_image  el_before_av_hr  '><h3 class='av-special-heading-tag '  itemprop=\"headline\"  >Construction M\u00e9tallique<\/h3><div class='special-heading-border'><div class='special-heading-inner-border'><\/div><\/div><\/div><br \/>\n\n<style type=\"text\/css\" data-created_by=\"avia_inline_auto\" id=\"style-css-av-tozzg-264c9778d0fa53cf3297a74f7419ed75\">\n#top .hr.av-tozzg-264c9778d0fa53cf3297a74f7419ed75{\nmargin-top:10px;\nmargin-bottom:10px;\n}\n.hr.av-tozzg-264c9778d0fa53cf3297a74f7419ed75 .hr-inner{\nwidth:50px;\nborder-color:#efbb20;\n}\n<\/style>\n<div  class='hr av-tozzg-264c9778d0fa53cf3297a74f7419ed75 hr-custom  avia-builder-el-5  el_after_av_heading  el_before_av_textblock  hr-left hr-icon-no '><span class='hr-inner inner-border-av-border-fat'><span class=\"hr-inner-style\"><\/span><\/span><\/div><br \/>\n<section  class='av_textblock_section av-7zhcks-fc703030fd0e70113bf37dd95f7cbdef '  itemscope=\"itemscope\" itemtype=\"https:\/\/schema.org\/CreativeWork\" ><div class='avia_textblock '  itemprop=\"text\" ><p>Ma\u00eetrisant le fer et l\u2019acier, votre ferronnier m\u00e9tallier vous propose des cr\u00e9ations uniques et originales.<\/p>\n<\/div><\/section><\/p><\/div>\n<style type=\"text\/css\" data-created_by=\"avia_inline_auto\" id=\"style-css-av-7vsl98-ecc494ab1e1ea394e280311959083e09\">\n.flex_column.av-7vsl98-ecc494ab1e1ea394e280311959083e09{\nborder-radius:0px 0px 0px 0px;\n-webkit-border-radius:0px 0px 0px 0px;\n-moz-border-radius:0px 0px 0px 0px;\n}\n<\/style>\n<div class='flex_column av-7vsl98-ecc494ab1e1ea394e280311959083e09 av_one_third  avia-builder-el-7  el_after_av_one_third  el_before_av_one_third  flex_column_div  av-animated-generic bottom-to-top av-zero-column-padding '   ><p>\n<style type=\"text\/css\" data-created_by=\"avia_inline_auto\" id=\"style-css-av-7nlpik-4e7afb0c0bdf94e44cb663f49ccde285\">\n.avia-image-container.av-7nlpik-4e7afb0c0bdf94e44cb663f49ccde285 .av-image-caption-overlay-center{\ncolor:#ffffff;\n}\n<\/style>\n<div  class='avia-image-container av-7nlpik-4e7afb0c0bdf94e44cb663f49ccde285 av-styling-no-styling avia-align-center  avia-builder-el-8  el_before_av_heading  avia-builder-el-first  '  itemprop=\"image\" itemscope=\"itemscope\" itemtype=\"https:\/\/schema.org\/ImageObject\" ><div class=\"avia-image-container-inner\"><div class=\"avia-image-overlay-wrap\"><a href=\"http:\/\/www.dnr-fer-inox.fr\/?portfolio=garde-corps\" class='avia_image' ><img decoding=\"async\" width=\"300\" height=\"225\" class='wp-image-685 avia-img-lazy-loading-not-685 avia_image' src=\"http:\/\/www.dnr-fer-inox.fr\/wp-content\/uploads\/2018\/10\/Garde-corps-INOX-26-300x225.jpg\" alt='' title='Garde corps INOX (26)'  itemprop=\"thumbnailUrl\" srcset=\"http:\/\/www.dnr-fer-inox.fr\/wp-content\/uploads\/2018\/10\/Garde-corps-INOX-26-300x225.jpg 300w, http:\/\/www.dnr-fer-inox.fr\/wp-content\/uploads\/2018\/10\/Garde-corps-INOX-26-768x576.jpg 768w, http:\/\/www.dnr-fer-inox.fr\/wp-content\/uploads\/2018\/10\/Garde-corps-INOX-26-1030x773.jpg 1030w, http:\/\/www.dnr-fer-inox.fr\/wp-content\/uploads\/2018\/10\/Garde-corps-INOX-26-1500x1125.jpg 1500w, http:\/\/www.dnr-fer-inox.fr\/wp-content\/uploads\/2018\/10\/Garde-corps-INOX-26-705x529.jpg 705w, http:\/\/www.dnr-fer-inox.fr\/wp-content\/uploads\/2018\/10\/Garde-corps-INOX-26-450x338.jpg 450w, http:\/\/www.dnr-fer-inox.fr\/wp-content\/uploads\/2018\/10\/Garde-corps-INOX-26.jpg 1632w\" sizes=\"(max-width: 300px) 100vw, 300px\" \/><\/a><\/div><\/div><\/div><br \/>\n\n<style type=\"text\/css\" data-created_by=\"avia_inline_auto\" id=\"style-css-av-3eivc-87a35a16cec52b8a5987880d3f12b337\">\n#top .av-special-heading.av-3eivc-87a35a16cec52b8a5987880d3f12b337{\npadding-bottom:0px;\n}\n<\/style>\n<div  class='av-special-heading av-3eivc-87a35a16cec52b8a5987880d3f12b337 av-special-heading-h3 blockquote modern-quote  avia-builder-el-9  el_after_av_image  el_before_av_hr  '><h3 class='av-special-heading-tag '  itemprop=\"headline\"  >Garde-corps<\/h3><div class='special-heading-border'><div class='special-heading-inner-border'><\/div><\/div><\/div><br \/>\n\n<style type=\"text\/css\" data-created_by=\"avia_inline_auto\" id=\"style-css-av-7c8mnw-233b005cc39f35b04182f4f680f301ca\">\n#top .hr.av-7c8mnw-233b005cc39f35b04182f4f680f301ca{\nmargin-top:10px;\nmargin-bottom:10px;\n}\n.hr.av-7c8mnw-233b005cc39f35b04182f4f680f301ca .hr-inner{\nwidth:50px;\nborder-color:#efbb20;\n}\n<\/style>\n<div  class='hr av-7c8mnw-233b005cc39f35b04182f4f680f301ca hr-custom  avia-builder-el-10  el_after_av_heading  el_before_av_textblock  hr-left hr-icon-no '><span class='hr-inner inner-border-av-border-fat'><span class=\"hr-inner-style\"><\/span><\/span><\/div><br \/>\n<section  class='av_textblock_section av-q5wd8-0974b4fd9cffe1e3de86f608d655639d '  itemscope=\"itemscope\" itemtype=\"https:\/\/schema.org\/CreativeWork\" ><div class='avia_textblock '  itemprop=\"text\" ><p>DNR constructions m\u00e9talliques vous les cr\u00e9e avec des mod\u00e8les r\u00e9alis\u00e9s sur-mesure.<\/p>\n<\/div><\/section><\/p><\/div>\n<style type=\"text\/css\" data-created_by=\"avia_inline_auto\" id=\"style-css-av-71dc8s-c20393ed4f95cb534430b0bf1d620125\">\n.flex_column.av-71dc8s-c20393ed4f95cb534430b0bf1d620125{\nborder-radius:0px 0px 0px 0px;\n-webkit-border-radius:0px 0px 0px 0px;\n-moz-border-radius:0px 0px 0px 0px;\n}\n<\/style>\n<div class='flex_column av-71dc8s-c20393ed4f95cb534430b0bf1d620125 av_one_third  avia-builder-el-12  el_after_av_one_third  el_before_av_hr  flex_column_div  av-animated-generic bottom-to-top av-zero-column-padding '   ><p>\n<style type=\"text\/css\" data-created_by=\"avia_inline_auto\" id=\"style-css-av-6tyvng-4ccb59ecb59aeeed7a5a497e88c81318\">\n.avia-image-container.av-6tyvng-4ccb59ecb59aeeed7a5a497e88c81318 .av-image-caption-overlay-center{\ncolor:#ffffff;\n}\n<\/style>\n<div  class='avia-image-container av-6tyvng-4ccb59ecb59aeeed7a5a497e88c81318 av-styling-no-styling avia-align-center  avia-builder-el-13  el_before_av_heading  avia-builder-el-first  '  itemprop=\"image\" itemscope=\"itemscope\" itemtype=\"https:\/\/schema.org\/ImageObject\" ><div class=\"avia-image-container-inner\"><div class=\"avia-image-overlay-wrap\"><a href=\"http:\/\/www.dnr-fer-inox.fr\/?portfolio=escaliers\" class='avia_image' ><img decoding=\"async\" width=\"300\" height=\"225\" class='wp-image-658 avia-img-lazy-loading-not-658 avia_image' src=\"http:\/\/www.dnr-fer-inox.fr\/wp-content\/uploads\/2018\/10\/Escalier-BOIS-limon-central-5-300x225.jpg\" alt='' title='Escalier BOIS limon central (5)'  itemprop=\"thumbnailUrl\" srcset=\"http:\/\/www.dnr-fer-inox.fr\/wp-content\/uploads\/2018\/10\/Escalier-BOIS-limon-central-5-300x225.jpg 300w, http:\/\/www.dnr-fer-inox.fr\/wp-content\/uploads\/2018\/10\/Escalier-BOIS-limon-central-5-768x576.jpg 768w, http:\/\/www.dnr-fer-inox.fr\/wp-content\/uploads\/2018\/10\/Escalier-BOIS-limon-central-5-1030x773.jpg 1030w, http:\/\/www.dnr-fer-inox.fr\/wp-content\/uploads\/2018\/10\/Escalier-BOIS-limon-central-5-1500x1125.jpg 1500w, http:\/\/www.dnr-fer-inox.fr\/wp-content\/uploads\/2018\/10\/Escalier-BOIS-limon-central-5-705x529.jpg 705w, http:\/\/www.dnr-fer-inox.fr\/wp-content\/uploads\/2018\/10\/Escalier-BOIS-limon-central-5-450x338.jpg 450w, http:\/\/www.dnr-fer-inox.fr\/wp-content\/uploads\/2018\/10\/Escalier-BOIS-limon-central-5.jpg 1632w\" sizes=\"(max-width: 300px) 100vw, 300px\" \/><\/a><\/div><\/div><\/div><br \/>\n\n<style type=\"text\/css\" data-created_by=\"avia_inline_auto\" id=\"style-css-av-2rwts-55acd9ee6ab431292a4b83a1b35cbfb2\">\n#top .av-special-heading.av-2rwts-55acd9ee6ab431292a4b83a1b35cbfb2{\npadding-bottom:0px;\n}\n<\/style>\n<div  class='av-special-heading av-2rwts-55acd9ee6ab431292a4b83a1b35cbfb2 av-special-heading-h3 blockquote modern-quote  avia-builder-el-14  el_after_av_image  el_before_av_hr  '><h3 class='av-special-heading-tag '  itemprop=\"headline\"  >Escaliers<\/h3><div class='special-heading-border'><div class='special-heading-inner-border'><\/div><\/div><\/div><br \/>\n\n<style type=\"text\/css\" data-created_by=\"avia_inline_auto\" id=\"style-css-av-6hrx6k-4e10ab8f5f4547d85bde29f69d6d0a32\">\n#top .hr.av-6hrx6k-4e10ab8f5f4547d85bde29f69d6d0a32{\nmargin-top:10px;\nmargin-bottom:10px;\n}\n.hr.av-6hrx6k-4e10ab8f5f4547d85bde29f69d6d0a32 .hr-inner{\nwidth:50px;\nborder-color:#efbb20;\n}\n<\/style>\n<div  class='hr av-6hrx6k-4e10ab8f5f4547d85bde29f69d6d0a32 hr-custom  avia-builder-el-15  el_after_av_heading  el_before_av_textblock  hr-left hr-icon-no '><span class='hr-inner inner-border-av-border-fat'><span class=\"hr-inner-style\"><\/span><\/span><\/div><br \/>\n<section  class='av_textblock_section av-6dp8bg-fa95d14279343db45c349f265f9d3061 '  itemscope=\"itemscope\" itemtype=\"https:\/\/schema.org\/CreativeWork\" ><div class='avia_textblock '  itemprop=\"text\" ><p>Pour des escaliers design alliant m\u00e9tal et bois.<\/p>\n<\/div><\/section><\/p><\/div>\n<style type=\"text\/css\" data-created_by=\"avia_inline_auto\" id=\"style-css-av-m3kmc-fdd7db75feee28acf01b93dfd93b9f49\">\n#top .hr.hr-invisible.av-m3kmc-fdd7db75feee28acf01b93dfd93b9f49{\nheight:50px;\n}\n<\/style>\n<div  class='hr av-m3kmc-fdd7db75feee28acf01b93dfd93b9f49 hr-invisible  avia-builder-el-17  el_after_av_one_third  el_before_av_one_third  '><span class='hr-inner '><span class=\"hr-inner-style\"><\/span><\/span><\/div>\n\n<style type=\"text\/css\" data-created_by=\"avia_inline_auto\" id=\"style-css-av-m055w-c6689f3242b15b5f9aa7bbc2c2d3bd14\">\n.flex_column.av-m055w-c6689f3242b15b5f9aa7bbc2c2d3bd14{\nborder-radius:0px 0px 0px 0px;\n-webkit-border-radius:0px 0px 0px 0px;\n-moz-border-radius:0px 0px 0px 0px;\n}\n<\/style>\n<div class='flex_column av-m055w-c6689f3242b15b5f9aa7bbc2c2d3bd14 av_one_third  avia-builder-el-18  el_after_av_hr  el_before_av_one_third  first flex_column_div  av-animated-generic bottom-to-top av-zero-column-padding '   ><p>\n<style type=\"text\/css\" data-created_by=\"avia_inline_auto\" id=\"style-css-av-5v7ees-67eb39fccec22446b18e1bc2383236b5\">\n.avia-image-container.av-5v7ees-67eb39fccec22446b18e1bc2383236b5 .av-image-caption-overlay-center{\ncolor:#ffffff;\n}\n<\/style>\n<div  class='avia-image-container av-5v7ees-67eb39fccec22446b18e1bc2383236b5 av-styling-no-styling avia-align-center  avia-builder-el-19  el_before_av_heading  avia-builder-el-first  '  itemprop=\"image\" itemscope=\"itemscope\" itemtype=\"https:\/\/schema.org\/ImageObject\" ><div class=\"avia-image-container-inner\"><div class=\"avia-image-overlay-wrap\"><a href=\"http:\/\/www.dnr-fer-inox.fr\/?portfolio=verrieres-et-ateliers-dartistes\" class='avia_image' ><img decoding=\"async\" width=\"300\" height=\"169\" class='wp-image-401 avia-img-lazy-loading-not-401 avia_image' src=\"http:\/\/www.dnr-fer-inox.fr\/wp-content\/uploads\/2018\/04\/verri\u00e8re-int\u00e9rieur-maison-\u00e9co-nature-3-e1524849220223-300x169.jpg\" alt='' title='verri\u00e8re int\u00e9rieur  (3)'  itemprop=\"thumbnailUrl\" srcset=\"http:\/\/www.dnr-fer-inox.fr\/wp-content\/uploads\/2018\/04\/verri\u00e8re-int\u00e9rieur-maison-\u00e9co-nature-3-e1524849220223-300x169.jpg 300w, http:\/\/www.dnr-fer-inox.fr\/wp-content\/uploads\/2018\/04\/verri\u00e8re-int\u00e9rieur-maison-\u00e9co-nature-3-e1524849220223-768x432.jpg 768w, http:\/\/www.dnr-fer-inox.fr\/wp-content\/uploads\/2018\/04\/verri\u00e8re-int\u00e9rieur-maison-\u00e9co-nature-3-e1524849220223-1030x579.jpg 1030w, http:\/\/www.dnr-fer-inox.fr\/wp-content\/uploads\/2018\/04\/verri\u00e8re-int\u00e9rieur-maison-\u00e9co-nature-3-e1524849220223-1500x844.jpg 1500w, http:\/\/www.dnr-fer-inox.fr\/wp-content\/uploads\/2018\/04\/verri\u00e8re-int\u00e9rieur-maison-\u00e9co-nature-3-e1524849220223-705x397.jpg 705w, http:\/\/www.dnr-fer-inox.fr\/wp-content\/uploads\/2018\/04\/verri\u00e8re-int\u00e9rieur-maison-\u00e9co-nature-3-e1524849220223-450x253.jpg 450w\" sizes=\"(max-width: 300px) 100vw, 300px\" \/><\/a><\/div><\/div><\/div><br \/>\n\n<style type=\"text\/css\" data-created_by=\"avia_inline_auto\" id=\"style-css-av-nnfm0-549828187d8d24570c86036644f68bd1\">\n#top .av-special-heading.av-nnfm0-549828187d8d24570c86036644f68bd1{\npadding-bottom:0px;\n}\n<\/style>\n<div  class='av-special-heading av-nnfm0-549828187d8d24570c86036644f68bd1 av-special-heading-h3 blockquote modern-quote  avia-builder-el-20  el_after_av_image  el_before_av_hr  '><h3 class='av-special-heading-tag '  itemprop=\"headline\"  >Verri\u00e8res et ateliers d\u2019artistes<\/h3><div class='special-heading-border'><div class='special-heading-inner-border'><\/div><\/div><\/div><br \/>\n\n<style type=\"text\/css\" data-created_by=\"avia_inline_auto\" id=\"style-css-av-5mdgf8-aee98cad3c15a8d876cada8e2cd0346e\">\n#top .hr.av-5mdgf8-aee98cad3c15a8d876cada8e2cd0346e{\nmargin-top:10px;\nmargin-bottom:10px;\n}\n.hr.av-5mdgf8-aee98cad3c15a8d876cada8e2cd0346e .hr-inner{\nwidth:50px;\nborder-color:#efbb20;\n}\n<\/style>\n<div  class='hr av-5mdgf8-aee98cad3c15a8d876cada8e2cd0346e hr-custom  avia-builder-el-21  el_after_av_heading  el_before_av_textblock  hr-left hr-icon-no '><span class='hr-inner inner-border-av-border-fat'><span class=\"hr-inner-style\"><\/span><\/span><\/div><br \/>\n<section  class='av_textblock_section av-5fqkvw-34b0f1c768c794f4d6d546dccae0be80 '  itemscope=\"itemscope\" itemtype=\"https:\/\/schema.org\/CreativeWork\" ><div class='avia_textblock '  itemprop=\"text\" ><p>Des cr\u00e9ations artistiques et singuli\u00e8res pour donner une touche personnelle \u00e0 votre maison !<\/p>\n<\/div><\/section><\/p><\/div>\n<style type=\"text\/css\" data-created_by=\"avia_inline_auto\" id=\"style-css-av-5703wc-5ecc18f51bfad802ee5b3d4db4135b38\">\n.flex_column.av-5703wc-5ecc18f51bfad802ee5b3d4db4135b38{\nborder-radius:0px 0px 0px 0px;\n-webkit-border-radius:0px 0px 0px 0px;\n-moz-border-radius:0px 0px 0px 0px;\n}\n<\/style>\n<div class='flex_column av-5703wc-5ecc18f51bfad802ee5b3d4db4135b38 av_one_third  avia-builder-el-23  el_after_av_one_third  el_before_av_one_third  flex_column_div  av-animated-generic bottom-to-top av-zero-column-padding '   ><p>\n<style type=\"text\/css\" data-created_by=\"avia_inline_auto\" id=\"style-css-av-50dx1w-16984f128a102c8f80e80ca6aeb777bd\">\n.avia-image-container.av-50dx1w-16984f128a102c8f80e80ca6aeb777bd .av-image-caption-overlay-center{\ncolor:#ffffff;\n}\n<\/style>\n<div  class='avia-image-container av-50dx1w-16984f128a102c8f80e80ca6aeb777bd av-styling-no-styling avia-align-center  avia-builder-el-24  el_before_av_heading  avia-builder-el-first  '  itemprop=\"image\" itemscope=\"itemscope\" itemtype=\"https:\/\/schema.org\/ImageObject\" ><div class=\"avia-image-container-inner\"><div class=\"avia-image-overlay-wrap\"><a href=\"http:\/\/www.dnr-fer-inox.fr\/?portfolio=pergola-portail\" class='avia_image' ><img decoding=\"async\" width=\"300\" height=\"175\" class='wp-image-392 avia-img-lazy-loading-not-392 avia_image' src=\"http:\/\/www.dnr-fer-inox.fr\/wp-content\/uploads\/2018\/04\/portail-cadre-m\u00e9tal-et-lame-de-bois-ip\u00e9-3-300x175.jpg\" alt='' title='Portail'  itemprop=\"thumbnailUrl\" srcset=\"http:\/\/www.dnr-fer-inox.fr\/wp-content\/uploads\/2018\/04\/portail-cadre-m\u00e9tal-et-lame-de-bois-ip\u00e9-3-300x175.jpg 300w, http:\/\/www.dnr-fer-inox.fr\/wp-content\/uploads\/2018\/04\/portail-cadre-m\u00e9tal-et-lame-de-bois-ip\u00e9-3-768x449.jpg 768w, http:\/\/www.dnr-fer-inox.fr\/wp-content\/uploads\/2018\/04\/portail-cadre-m\u00e9tal-et-lame-de-bois-ip\u00e9-3-705x412.jpg 705w, http:\/\/www.dnr-fer-inox.fr\/wp-content\/uploads\/2018\/04\/portail-cadre-m\u00e9tal-et-lame-de-bois-ip\u00e9-3-450x263.jpg 450w, http:\/\/www.dnr-fer-inox.fr\/wp-content\/uploads\/2018\/04\/portail-cadre-m\u00e9tal-et-lame-de-bois-ip\u00e9-3.jpg 943w\" sizes=\"(max-width: 300px) 100vw, 300px\" \/><\/a><\/div><\/div><\/div><br \/>\n\n<style type=\"text\/css\" data-created_by=\"avia_inline_auto\" id=\"style-css-av-fpdrs-39dc7c6b76b3e1bb69b77e61ab93611d\">\n#top .av-special-heading.av-fpdrs-39dc7c6b76b3e1bb69b77e61ab93611d{\npadding-bottom:0px;\n}\n<\/style>\n<div  class='av-special-heading av-fpdrs-39dc7c6b76b3e1bb69b77e61ab93611d av-special-heading-h3 blockquote modern-quote  avia-builder-el-25  el_after_av_image  el_before_av_hr  '><h3 class='av-special-heading-tag '  itemprop=\"headline\"  >Pergolas \u2013 Portails<\/h3><div class='special-heading-border'><div class='special-heading-inner-border'><\/div><\/div><\/div><br \/>\n\n<style type=\"text\/css\" data-created_by=\"avia_inline_auto\" id=\"style-css-av-4nntjg-84d4cc1942ad0ae2f2b352127f7a4905\">\n#top .hr.av-4nntjg-84d4cc1942ad0ae2f2b352127f7a4905{\nmargin-top:10px;\nmargin-bottom:10px;\n}\n.hr.av-4nntjg-84d4cc1942ad0ae2f2b352127f7a4905 .hr-inner{\nwidth:50px;\nborder-color:#efbb20;\n}\n<\/style>\n<div  class='hr av-4nntjg-84d4cc1942ad0ae2f2b352127f7a4905 hr-custom  avia-builder-el-26  el_after_av_heading  el_before_av_textblock  hr-left hr-icon-no '><span class='hr-inner inner-border-av-border-fat'><span class=\"hr-inner-style\"><\/span><\/span><\/div><br \/>\n<section  class='av_textblock_section av-4kzsr0-3404d4d706e0feba92aea00579384472 '  itemscope=\"itemscope\" itemtype=\"https:\/\/schema.org\/CreativeWork\" ><div class='avia_textblock '  itemprop=\"text\" ><p>Choisissez une pergola et un portail assortis \u00e0 votre maison.<\/p>\n<\/div><\/section><\/p><\/div>\n<style type=\"text\/css\" data-created_by=\"avia_inline_auto\" id=\"style-css-av-4gpmlg-7ae6aa6eb8e65de513041ff831ba7a9d\">\n.flex_column.av-4gpmlg-7ae6aa6eb8e65de513041ff831ba7a9d{\nborder-radius:0px 0px 0px 0px;\n-webkit-border-radius:0px 0px 0px 0px;\n-moz-border-radius:0px 0px 0px 0px;\n}\n<\/style>\n<div class='flex_column av-4gpmlg-7ae6aa6eb8e65de513041ff831ba7a9d av_one_third  avia-builder-el-28  el_after_av_one_third  avia-builder-el-last  flex_column_div  av-animated-generic bottom-to-top av-zero-column-padding '   ><p>\n<style type=\"text\/css\" data-created_by=\"avia_inline_auto\" id=\"style-css-av-49q31g-12f09b85fffa5d96b3555d1ae4cb47da\">\n.avia-image-container.av-49q31g-12f09b85fffa5d96b3555d1ae4cb47da .av-image-caption-overlay-center{\ncolor:#ffffff;\n}\n<\/style>\n<div  class='avia-image-container av-49q31g-12f09b85fffa5d96b3555d1ae4cb47da av-styling-no-styling avia-align-center  avia-builder-el-29  el_before_av_heading  avia-builder-el-first  '  itemprop=\"image\" itemscope=\"itemscope\" itemtype=\"https:\/\/schema.org\/ImageObject\" ><div class=\"avia-image-container-inner\"><div class=\"avia-image-overlay-wrap\"><a href=\"http:\/\/www.dnr-fer-inox.fr\/?portfolio=plancher-verre-autres\" class='avia_image' ><img decoding=\"async\" width=\"300\" height=\"169\" class='wp-image-299 avia-img-lazy-loading-not-299 avia_image' src=\"http:\/\/www.dnr-fer-inox.fr\/wp-content\/uploads\/2018\/04\/20180414_131228-e1524840854816-300x169.jpg\" alt='Plancher verre' title='Plancher verre'  itemprop=\"thumbnailUrl\" srcset=\"http:\/\/www.dnr-fer-inox.fr\/wp-content\/uploads\/2018\/04\/20180414_131228-e1524840854816-300x169.jpg 300w, http:\/\/www.dnr-fer-inox.fr\/wp-content\/uploads\/2018\/04\/20180414_131228-e1524840854816-768x432.jpg 768w, http:\/\/www.dnr-fer-inox.fr\/wp-content\/uploads\/2018\/04\/20180414_131228-e1524840854816-1030x579.jpg 1030w, http:\/\/www.dnr-fer-inox.fr\/wp-content\/uploads\/2018\/04\/20180414_131228-e1524840854816-1500x844.jpg 1500w, http:\/\/www.dnr-fer-inox.fr\/wp-content\/uploads\/2018\/04\/20180414_131228-e1524840854816-705x397.jpg 705w, http:\/\/www.dnr-fer-inox.fr\/wp-content\/uploads\/2018\/04\/20180414_131228-e1524840854816-450x253.jpg 450w\" sizes=\"(max-width: 300px) 100vw, 300px\" \/><\/a><\/div><\/div><\/div><br \/>\n\n<style type=\"text\/css\" data-created_by=\"avia_inline_auto\" id=\"style-css-av-8func-7e2052a365cdea2d27f18ccbd452841e\">\n#top .av-special-heading.av-8func-7e2052a365cdea2d27f18ccbd452841e{\npadding-bottom:0px;\n}\n<\/style>\n<div  class='av-special-heading av-8func-7e2052a365cdea2d27f18ccbd452841e av-special-heading-h3 blockquote modern-quote  avia-builder-el-30  el_after_av_image  el_before_av_hr  '><h3 class='av-special-heading-tag '  itemprop=\"headline\"  >Plancher verre <span class='special_amp'>&amp;<\/span> autres<\/h3><div class='special-heading-border'><div class='special-heading-inner-border'><\/div><\/div><\/div><br \/>\n\n<style type=\"text\/css\" data-created_by=\"avia_inline_auto\" id=\"style-css-av-3vmk7g-03a1cad6062fde38620dd77d585319f9\">\n#top .hr.av-3vmk7g-03a1cad6062fde38620dd77d585319f9{\nmargin-top:10px;\nmargin-bottom:10px;\n}\n.hr.av-3vmk7g-03a1cad6062fde38620dd77d585319f9 .hr-inner{\nwidth:50px;\nborder-color:#efbb20;\n}\n<\/style>\n<div  class='hr av-3vmk7g-03a1cad6062fde38620dd77d585319f9 hr-custom  avia-builder-el-31  el_after_av_heading  el_before_av_textblock  hr-left hr-icon-no '><span class='hr-inner inner-border-av-border-fat'><span class=\"hr-inner-style\"><\/span><\/span><\/div><br \/>\n<section  class='av_textblock_section av-3qmy5o-322f3e5d85d16698270a7b21bce8f904 '  itemscope=\"itemscope\" itemtype=\"https:\/\/schema.org\/CreativeWork\" ><div class='avia_textblock '  itemprop=\"text\" ><p>D\u00e9couvrez les autres r\u00e9alisations diverses de votre ferronnier m\u00e9tallier : mobilier, barbecue, chemin\u00e9e\u2026<\/p>\n<\/div><\/section><\/p><\/div><\/div><\/div><\/main><!-- close content main element --><\/div><\/div><div id='after_section_1'  class='main_color av_default_container_wrap container_wrap sidebar_right'  ><div class='container av-section-cont-open' ><div class='template-page content  av-content-small alpha units'><div class='post-entry post-entry-type-page post-entry-488'><div class='entry-content-wrapper clearfix'>\n<style type=\"text\/css\" data-created_by=\"avia_inline_auto\" id=\"style-css-av-8u9f0c-6c1aaff917b099ca6dd7f3ad34e21d33\">\n#top .hr.av-8u9f0c-6c1aaff917b099ca6dd7f3ad34e21d33{\nmargin-top:5px;\nmargin-bottom:35px;\n}\n.hr.av-8u9f0c-6c1aaff917b099ca6dd7f3ad34e21d33 .hr-inner{\nwidth:50px;\nborder-color:#efbb20;\n}\n<\/style>\n<div  class='hr av-8u9f0c-6c1aaff917b099ca6dd7f3ad34e21d33 hr-custom  avia-builder-el-33  el_after_av_section  avia-builder-el-no-sibling  hr-center hr-icon-no '><span class='hr-inner inner-border-av-border-fat'><span class=\"hr-inner-style\"><\/span><\/span><\/div><\/p>\n","protected":false},"excerpt":{"rendered":"","protected":false},"author":1,"featured_media":0,"parent":0,"menu_order":0,"comment_status":"closed","ping_status":"closed","template":"","meta":{"footnotes":""},"class_list":["post-488","page","type-page","status-publish","hentry"],"_links":{"self":[{"href":"http:\/\/www.dnr-fer-inox.fr\/index.php?rest_route=\/wp\/v2\/pages\/488","targetHints":{"allow":["GET"]}}],"collection":[{"href":"http:\/\/www.dnr-fer-inox.fr\/index.php?rest_route=\/wp\/v2\/pages"}],"about":[{"href":"http:\/\/www.dnr-fer-inox.fr\/index.php?rest_route=\/wp\/v2\/types\/page"}],"author":[{"embeddable":true,"href":"http:\/\/www.dnr-fer-inox.fr\/index.php?rest_route=\/wp\/v2\/users\/1"}],"replies":[{"embeddable":true,"href":"http:\/\/www.dnr-fer-inox.fr\/index.php?rest_route=%2Fwp%2Fv2%2Fcomments&post=488"}],"version-history":[{"count":0,"href":"http:\/\/www.dnr-fer-inox.fr\/index.php?rest_route=\/wp\/v2\/pages\/488\/revisions"}],"wp:attachment":[{"href":"http:\/\/www.dnr-fer-inox.fr\/index.php?rest_route=%2Fwp%2Fv2%2Fmedia&parent=488"}],"curies":[{"name":"wp","href":"https:\/\/api.w.org\/{rel}","templated":true}]}}